{"id":1550,"date":"2022-08-01T20:13:03","date_gmt":"2022-08-01T18:13:03","guid":{"rendered":"https:\/\/www.krippenverein-bruck.at\/?page_id=1550"},"modified":"2022-08-01T23:04:32","modified_gmt":"2022-08-01T21:04:32","slug":"20-jahre-krippenverein","status":"publish","type":"page","link":"https:\/\/www.krippenverein-bruck.at\/index.php\/20-jahre-krippenverein\/","title":{"rendered":"20 Jahre Krippenverein"},"content":{"rendered":"\t\t<div data-elementor-type=\"wp-page\" data-elementor-id=\"1550\" class=\"elementor elementor-1550\">\n\t\t\t\t\t\t<section class=\"elementor-section elementor-top-section elementor-element elementor-element-7cb73db elementor-section-boxed elementor-section-height-default elementor-section-height-default\" data-id=\"7cb73db\" data-element_type=\"section\" data-e-type=\"section\">\n\t\t\t\t\t\t<div class=\"elementor-container elementor-column-gap-default\">\n\t\t\t\t\t<div class=\"elementor-column elementor-col-100 elementor-top-column elementor-element elementor-element-e55cd06\" data-id=\"e55cd06\" data-element_type=\"column\" data-e-type=\"column\">\n\t\t\t<div class=\"elementor-widget-wrap elementor-element-populated\">\n\t\t\t\t\t\t<div class=\"elementor-element elementor-element-ec5c1f6 elementor-widget elementor-widget-spacer\" data-id=\"ec5c1f6\" data-element_type=\"widget\" data-e-type=\"widget\" data-widget_type=\"spacer.default\">\n\t\t\t\t<div class=\"elementor-widget-container\">\n\t\t\t\t\t\t\t<div class=\"elementor-spacer\">\n\t\t\t<div class=\"elementor-spacer-inner\"><\/div>\n\t\t<\/div>\n\t\t\t\t\t\t<\/div>\n\t\t\t\t<\/div>\n\t\t\t\t<div class=\"elementor-element elementor-element-c662fcb elementor-invisible elementor-widget elementor-widget-heading\" data-id=\"c662fcb\" data-element_type=\"widget\" data-e-type=\"widget\" data-settings=\"{&quot;_animation&quot;:&quot;fadeInRight&quot;}\" data-widget_type=\"heading.default\">\n\t\t\t\t<div class=\"elementor-widget-container\">\n\t\t\t\t\t<h2 class=\"elementor-heading-title elementor-size-default\">20 Jahre Krippenverein<\/h2>\t\t\t\t<\/div>\n\t\t\t\t<\/div>\n\t\t\t\t\t<\/div>\n\t\t<\/div>\n\t\t\t\t\t<\/div>\n\t\t<\/section>\n\t\t\t\t<section class=\"elementor-section elementor-top-section elementor-element elementor-element-28c6975 elementor-section-boxed elementor-section-height-default elementor-section-height-default\" data-id=\"28c6975\" data-element_type=\"section\" data-e-type=\"section\">\n\t\t\t\t\t\t<div class=\"elementor-container elementor-column-gap-default\">\n\t\t\t\t\t<div class=\"elementor-column elementor-col-100 elementor-top-column elementor-element elementor-element-8024b4c\" data-id=\"8024b4c\" data-element_type=\"column\" data-e-type=\"column\">\n\t\t\t<div class=\"elementor-widget-wrap elementor-element-populated\">\n\t\t\t\t\t\t<div class=\"elementor-element elementor-element-4caabbc elementor-widget elementor-widget-text-editor\" data-id=\"4caabbc\" data-element_type=\"widget\" data-e-type=\"widget\" data-widget_type=\"text-editor.default\">\n\t\t\t\t<div class=\"elementor-widget-container\">\n\t\t\t\t\t\t\t\t\t<p>Obwohl es bereits seit 1998 Krippenbauaktivit\u00e4ten gab, wurde der Verein erst im Jahre 2002 gegr\u00fcndet. Zur 20 Jahrfeier wurden alle Krippenbauvereine des Landes und einige Ehreng\u00e4ste geladen.<\/p><p>Nach einem gemeinsamen Gottesdienst ging es in den Pfarrsaal zu einem kleinen Festakt. Musikalisch untermalt von einer Abordnung der TMK Bruck gab es einen R\u00fcckblick auf die vergangenen Jahre im Vereinsleben. Als \u00dcberraschung wurde dem Pfarrer von Bruck GR Dr. Weihrauch eine Fastenkrippe \u00fcbergeben. Dieser hatte sich immer schon eine Passionskrippe f\u00fcr die Kirche gew\u00fcnscht und war deshalb \u00fcber das Geschenk hoch erfreut.<\/p><p>Der Obmann des Salzburger Landeskrippenverbandes G\u00fcnther Hopfgartner \u00fcberreichte den beiden Obm\u00e4nnern dieser 20 Jahre, Herbert Burgschwaiger von 2002 \u2013 2014 und Siegfried Ma\u00dfer ab 2014 eine Ehrenurkunde f\u00fcr ihr verdienstvolles Wirken.<\/p><p>Nach dem Mittagessen sa\u00dfen die rund 45 G\u00e4ste gem\u00fctlich zusammen und konnten sich \u00fcber viel gemeinsam Erlebtes oder sonst Wichtiges oder Unwichtiges unterhalten. Die gelungene Veranstaltung wird dem Einen oder Anderen sicherlich in Erinnerung bleiben.<\/p>\t\t\t\t\t\t\t\t<\/div>\n\t\t\t\t<\/div>\n\t\t\t\t<section class=\"elementor-section elementor-inner-section elementor-element elementor-element-19cf683 elementor-section-boxed elementor-section-height-default elementor-section-height-default\" data-id=\"19cf683\" data-element_type=\"section\" data-e-type=\"section\">\n\t\t\t\t\t\t<div class=\"elementor-container elementor-column-gap-default\">\n\t\t\t\t\t<div class=\"elementor-column elementor-col-33 elementor-inner-column elementor-element elementor-element-7126256\" data-id=\"7126256\" data-element_type=\"column\" data-e-type=\"column\">\n\t\t\t<div class=\"elementor-widget-wrap elementor-element-populated\">\n\t\t\t\t\t\t<div class=\"elementor-element elementor-element-caa4521 elementor-widget elementor-widget-image\" data-id=\"caa4521\" data-element_type=\"widget\" data-e-type=\"widget\" data-widget_type=\"image.default\">\n\t\t\t\t<div class=\"elementor-widget-container\">\n\t\t\t\t\t\t\t\t\t\t\t\t\t\t\t\t<a href=\"https:\/\/www.krippenverein-bruck.at\/wp-content\/uploads\/2022\/08\/IMG_20220403_115906-scaled.jpg\" data-elementor-open-lightbox=\"yes\" data-elementor-lightbox-description=\"20 Jahre Krippenverein Bruck, Ehrung Obm\u00e4nner\" data-e-action-hash=\"#elementor-action%3Aaction%3Dlightbox%26settings%3DeyJpZCI6MTU3NiwidXJsIjoiaHR0cHM6XC9cL3d3dy5rcmlwcGVudmVyZWluLWJydWNrLmF0XC93cC1jb250ZW50XC91cGxvYWRzXC8yMDIyXC8wOFwvSU1HXzIwMjIwNDAzXzExNTkwNi1zY2FsZWQuanBnIn0%3D\">\n\t\t\t\t\t\t\t<img fetchpriority=\"high\" decoding=\"async\" width=\"1024\" height=\"768\" src=\"https:\/\/www.krippenverein-bruck.at\/wp-content\/uploads\/2022\/08\/IMG_20220403_115906-1024x768.jpg\" class=\"attachment-large size-large wp-image-1576\" alt=\"Ehrung Obm\u00e4nner\" srcset=\"https:\/\/www.krippenverein-bruck.at\/wp-content\/uploads\/2022\/08\/IMG_20220403_115906-1024x768.jpg 1024w, https:\/\/www.krippenverein-bruck.at\/wp-content\/uploads\/2022\/08\/IMG_20220403_115906-300x225.jpg 300w, https:\/\/www.krippenverein-bruck.at\/wp-content\/uploads\/2022\/08\/IMG_20220403_115906-768x576.jpg 768w, https:\/\/www.krippenverein-bruck.at\/wp-content\/uploads\/2022\/08\/IMG_20220403_115906-1536x1152.jpg 1536w, https:\/\/www.krippenverein-bruck.at\/wp-content\/uploads\/2022\/08\/IMG_20220403_115906-2048x1536.jpg 2048w\" sizes=\"(max-width: 1024px) 100vw, 1024px\" \/>\t\t\t\t\t\t\t\t<\/a>\n\t\t\t\t\t\t\t\t\t\t\t\t\t\t\t<\/div>\n\t\t\t\t<\/div>\n\t\t\t\t\t<\/div>\n\t\t<\/div>\n\t\t\t\t<div class=\"elementor-column elementor-col-33 elementor-inner-column elementor-element elementor-element-43f6f3e\" data-id=\"43f6f3e\" data-element_type=\"column\" data-e-type=\"column\">\n\t\t\t<div class=\"elementor-widget-wrap elementor-element-populated\">\n\t\t\t\t\t\t<div class=\"elementor-element elementor-element-8576e12 elementor-widget elementor-widget-image\" data-id=\"8576e12\" data-element_type=\"widget\" data-e-type=\"widget\" data-widget_type=\"image.default\">\n\t\t\t\t<div class=\"elementor-widget-container\">\n\t\t\t\t\t\t\t\t\t\t\t\t\t\t\t\t<a href=\"https:\/\/www.krippenverein-bruck.at\/wp-content\/uploads\/2022\/08\/IMG_20220403_114930-scaled.jpg\" data-elementor-open-lightbox=\"yes\" data-elementor-lightbox-description=\"20 Jahre Krippenverein Bruck \u00dcbergabe Fastenkrippe\" data-e-action-hash=\"#elementor-action%3Aaction%3Dlightbox%26settings%3DeyJpZCI6MTU4NiwidXJsIjoiaHR0cHM6XC9cL3d3dy5rcmlwcGVudmVyZWluLWJydWNrLmF0XC93cC1jb250ZW50XC91cGxvYWRzXC8yMDIyXC8wOFwvSU1HXzIwMjIwNDAzXzExNDkzMC1zY2FsZWQuanBnIn0%3D\">\n\t\t\t\t\t\t\t<img decoding=\"async\" width=\"1024\" height=\"768\" src=\"https:\/\/www.krippenverein-bruck.at\/wp-content\/uploads\/2022\/08\/IMG_20220403_114930-1024x768.jpg\" class=\"attachment-large size-large wp-image-1586\" alt=\"\u00dcbergabe Fastenkrippe\" srcset=\"https:\/\/www.krippenverein-bruck.at\/wp-content\/uploads\/2022\/08\/IMG_20220403_114930-1024x768.jpg 1024w, https:\/\/www.krippenverein-bruck.at\/wp-content\/uploads\/2022\/08\/IMG_20220403_114930-300x225.jpg 300w, https:\/\/www.krippenverein-bruck.at\/wp-content\/uploads\/2022\/08\/IMG_20220403_114930-768x576.jpg 768w, https:\/\/www.krippenverein-bruck.at\/wp-content\/uploads\/2022\/08\/IMG_20220403_114930-1536x1152.jpg 1536w, https:\/\/www.krippenverein-bruck.at\/wp-content\/uploads\/2022\/08\/IMG_20220403_114930-2048x1536.jpg 2048w\" sizes=\"(max-width: 1024px) 100vw, 1024px\" \/>\t\t\t\t\t\t\t\t<\/a>\n\t\t\t\t\t\t\t\t\t\t\t\t\t\t\t<\/div>\n\t\t\t\t<\/div>\n\t\t\t\t\t<\/div>\n\t\t<\/div>\n\t\t\t\t<div class=\"elementor-column elementor-col-33 elementor-inner-column elementor-element elementor-element-70c4463\" data-id=\"70c4463\" data-element_type=\"column\" data-e-type=\"column\">\n\t\t\t<div class=\"elementor-widget-wrap elementor-element-populated\">\n\t\t\t\t\t\t<div class=\"elementor-element elementor-element-7890f16 elementor-widget elementor-widget-image\" data-id=\"7890f16\" data-element_type=\"widget\" data-e-type=\"widget\" data-widget_type=\"image.default\">\n\t\t\t\t<div class=\"elementor-widget-container\">\n\t\t\t\t\t\t\t\t\t\t\t\t\t\t\t\t<a href=\"https:\/\/www.krippenverein-bruck.at\/wp-content\/uploads\/2022\/08\/IMG_20220404_110927-scaled.jpg\" data-elementor-open-lightbox=\"yes\" data-elementor-lightbox-description=\"20 Jahre Krippenverein Bruck \u00dcbergabe Fastenkrippe\" data-e-action-hash=\"#elementor-action%3Aaction%3Dlightbox%26settings%3DeyJpZCI6MTYwMSwidXJsIjoiaHR0cHM6XC9cL3d3dy5rcmlwcGVudmVyZWluLWJydWNrLmF0XC93cC1jb250ZW50XC91cGxvYWRzXC8yMDIyXC8wOFwvSU1HXzIwMjIwNDA0XzExMDkyNy1zY2FsZWQuanBnIn0%3D\">\n\t\t\t\t\t\t\t<img decoding=\"async\" width=\"1024\" height=\"578\" src=\"https:\/\/www.krippenverein-bruck.at\/wp-content\/uploads\/2022\/08\/IMG_20220404_110927-1024x578.jpg\" class=\"attachment-large size-large wp-image-1601\" alt=\"\u00dcbergabe Fastenkrippe\" srcset=\"https:\/\/www.krippenverein-bruck.at\/wp-content\/uploads\/2022\/08\/IMG_20220404_110927-1024x578.jpg 1024w, https:\/\/www.krippenverein-bruck.at\/wp-content\/uploads\/2022\/08\/IMG_20220404_110927-300x169.jpg 300w, https:\/\/www.krippenverein-bruck.at\/wp-content\/uploads\/2022\/08\/IMG_20220404_110927-768x434.jpg 768w, https:\/\/www.krippenverein-bruck.at\/wp-content\/uploads\/2022\/08\/IMG_20220404_110927-1536x867.jpg 1536w, https:\/\/www.krippenverein-bruck.at\/wp-content\/uploads\/2022\/08\/IMG_20220404_110927-2048x1156.jpg 2048w\" sizes=\"(max-width: 1024px) 100vw, 1024px\" \/>\t\t\t\t\t\t\t\t<\/a>\n\t\t\t\t\t\t\t\t\t\t\t\t\t\t\t<\/div>\n\t\t\t\t<\/div>\n\t\t\t\t\t<\/div>\n\t\t<\/div>\n\t\t\t\t\t<\/div>\n\t\t<\/section>\n\t\t\t\t\t<\/div>\n\t\t<\/div>\n\t\t\t\t\t<\/div>\n\t\t<\/section>\n\t\t\t\t<\/div>\n\t\t","protected":false},"excerpt":{"rendered":"<p>20 Jahre Krippenverein Obwohl es bereits seit 1998 Krippenbauaktivit\u00e4ten gab, wurde der Verein erst im Jahre 2002 gegr\u00fcndet. Zur 20 Jahrfeier wurden alle Krippenbauvereine des Landes und einige Ehreng\u00e4ste geladen. Nach einem gemeinsamen Gottesdienst ging es in den Pfarrsaal zu einem kleinen Festakt. Musikalisch untermalt von einer Abordnung der TMK Bruck gab es einen R\u00fcckblick [&hellip;]<\/p>\n","protected":false},"author":2,"featured_media":0,"parent":0,"menu_order":0,"comment_status":"closed","ping_status":"closed","template":"","meta":{"site-sidebar-layout":"no-sidebar","site-content-layout":"page-builder","ast-site-content-layout":"default","site-content-style":"default","site-sidebar-style":"default","ast-global-header-display":"","ast-banner-title-visibility":"","ast-main-header-display":"","ast-hfb-above-header-display":"","ast-hfb-below-header-display":"","ast-hfb-mobile-header-display":"","site-post-title":"disabled","ast-breadcrumbs-content":"","ast-featured-img":"disabled","footer-sml-layout":"","ast-disable-related-posts":"","theme-transparent-header-meta":"default","adv-header-id-meta":"","stick-header-meta":"","header-above-stick-meta":"","header-main-stick-meta":"","header-below-stick-meta":"","astra-migrate-meta-layouts":"default","ast-page-background-enabled":"default","ast-page-background-meta":{"desktop":{"background-color":"","background-image":"","background-repeat":"repeat","background-position":"center center","background-size":"auto","background-attachment":"scroll","background-type":"","background-media":"","overlay-type":"","overlay-color":"","overlay-opacity":"","overlay-gradient":""},"tablet":{"background-color":"","background-image":"","background-repeat":"repeat","background-position":"center center","background-size":"auto","background-attachment":"scroll","background-type":"","background-media":"","overlay-type":"","overlay-color":"","overlay-opacity":"","overlay-gradient":""},"mobile":{"background-color":"","background-image":"","background-repeat":"repeat","background-position":"center center","background-size":"auto","background-attachment":"scroll","background-type":"","background-media":"","overlay-type":"","overlay-color":"","overlay-opacity":"","overlay-gradient":""}},"ast-content-background-meta":{"desktop":{"background-color":"var(--ast-global-color-5)","background-image":"","background-repeat":"repeat","background-position":"center center","background-size":"auto","background-attachment":"scroll","background-type":"","background-media":"","overlay-type":"","overlay-color":"","overlay-opacity":"","overlay-gradient":""},"tablet":{"background-color":"var(--ast-global-color-5)","background-image":"","background-repeat":"repeat","background-position":"center center","background-size":"auto","background-attachment":"scroll","background-type":"","background-media":"","overlay-type":"","overlay-color":"","overlay-opacity":"","overlay-gradient":""},"mobile":{"background-color":"var(--ast-global-color-5)","background-image":"","background-repeat":"repeat","background-position":"center center","background-size":"auto","background-attachment":"scroll","background-type":"","background-media":"","overlay-type":"","overlay-color":"","overlay-opacity":"","overlay-gradient":""}},"footnotes":"","_links_to":"","_links_to_target":""},"class_list":["post-1550","page","type-page","status-publish","hentry"],"_links":{"self":[{"href":"https:\/\/www.krippenverein-bruck.at\/index.php\/wp-json\/wp\/v2\/pages\/1550","targetHints":{"allow":["GET"]}}],"collection":[{"href":"https:\/\/www.krippenverein-bruck.at\/index.php\/wp-json\/wp\/v2\/pages"}],"about":[{"href":"https:\/\/www.krippenverein-bruck.at\/index.php\/wp-json\/wp\/v2\/types\/page"}],"author":[{"embeddable":true,"href":"https:\/\/www.krippenverein-bruck.at\/index.php\/wp-json\/wp\/v2\/users\/2"}],"replies":[{"embeddable":true,"href":"https:\/\/www.krippenverein-bruck.at\/index.php\/wp-json\/wp\/v2\/comments?post=1550"}],"version-history":[{"count":46,"href":"https:\/\/www.krippenverein-bruck.at\/index.php\/wp-json\/wp\/v2\/pages\/1550\/revisions"}],"predecessor-version":[{"id":1607,"href":"https:\/\/www.krippenverein-bruck.at\/index.php\/wp-json\/wp\/v2\/pages\/1550\/revisions\/1607"}],"wp:attachment":[{"href":"https:\/\/www.krippenverein-bruck.at\/index.php\/wp-json\/wp\/v2\/media?parent=1550"}],"curies":[{"name":"wp","href":"https:\/\/api.w.org\/{rel}","templated":true}]}}