{"id":239,"date":"2021-03-26T21:28:22","date_gmt":"2021-03-26T20:28:22","guid":{"rendered":"https:\/\/www.krippenverein-bruck.at\/?page_id=239"},"modified":"2022-08-03T22:24:38","modified_gmt":"2022-08-03T20:24:38","slug":"ueber-uns","status":"publish","type":"page","link":"https:\/\/www.krippenverein-bruck.at\/index.php\/wissenswertes-2\/ueber-uns\/","title":{"rendered":"\u00dcber uns"},"content":{"rendered":"\t\t<div data-elementor-type=\"wp-page\" data-elementor-id=\"239\" class=\"elementor elementor-239\">\n\t\t\t\t\t\t<section class=\"elementor-section elementor-top-section elementor-element elementor-element-5d175dc elementor-section-boxed elementor-section-height-default elementor-section-height-default\" data-id=\"5d175dc\" data-element_type=\"section\" data-e-type=\"section\">\n\t\t\t\t\t\t<div class=\"elementor-container elementor-column-gap-default\">\n\t\t\t\t\t<div class=\"elementor-column elementor-col-100 elementor-top-column elementor-element elementor-element-8608643\" data-id=\"8608643\" data-element_type=\"column\" data-e-type=\"column\">\n\t\t\t<div class=\"elementor-widget-wrap elementor-element-populated\">\n\t\t\t\t\t\t<div class=\"elementor-element elementor-element-6546517 elementor-widget elementor-widget-spacer\" data-id=\"6546517\" data-element_type=\"widget\" data-e-type=\"widget\" data-widget_type=\"spacer.default\">\n\t\t\t\t<div class=\"elementor-widget-container\">\n\t\t\t\t\t\t\t<div class=\"elementor-spacer\">\n\t\t\t<div class=\"elementor-spacer-inner\"><\/div>\n\t\t<\/div>\n\t\t\t\t\t\t<\/div>\n\t\t\t\t<\/div>\n\t\t\t\t\t<\/div>\n\t\t<\/div>\n\t\t\t\t\t<\/div>\n\t\t<\/section>\n\t\t\t\t<section class=\"elementor-section elementor-top-section elementor-element elementor-element-2be3f39 elementor-section-boxed elementor-section-height-default elementor-section-height-default\" data-id=\"2be3f39\" data-element_type=\"section\" data-e-type=\"section\">\n\t\t\t\t\t\t<div class=\"elementor-container elementor-column-gap-default\">\n\t\t\t\t\t<div class=\"elementor-column elementor-col-100 elementor-top-column elementor-element elementor-element-3083e4f\" data-id=\"3083e4f\" data-element_type=\"column\" data-e-type=\"column\">\n\t\t\t<div class=\"elementor-widget-wrap elementor-element-populated\">\n\t\t\t\t\t\t<div class=\"elementor-element elementor-element-0b0a442 elementor-invisible elementor-widget elementor-widget-heading\" data-id=\"0b0a442\" data-element_type=\"widget\" data-e-type=\"widget\" data-settings=\"{&quot;_animation&quot;:&quot;fadeInRight&quot;}\" data-widget_type=\"heading.default\">\n\t\t\t\t<div class=\"elementor-widget-container\">\n\t\t\t\t\t<h2 class=\"elementor-heading-title elementor-size-default\">Wissenswertes \u00fcber unseren Verein<\/h2>\t\t\t\t<\/div>\n\t\t\t\t<\/div>\n\t\t\t\t\t<\/div>\n\t\t<\/div>\n\t\t\t\t\t<\/div>\n\t\t<\/section>\n\t\t\t\t<section class=\"elementor-section elementor-top-section elementor-element elementor-element-9eebbce elementor-section-boxed elementor-section-height-default elementor-section-height-default\" data-id=\"9eebbce\" data-element_type=\"section\" data-e-type=\"section\">\n\t\t\t\t\t\t<div class=\"elementor-container elementor-column-gap-default\">\n\t\t\t\t\t<div class=\"elementor-column elementor-col-100 elementor-top-column elementor-element elementor-element-e5b9853\" data-id=\"e5b9853\" data-element_type=\"column\" data-e-type=\"column\">\n\t\t\t<div class=\"elementor-widget-wrap elementor-element-populated\">\n\t\t\t\t\t\t<div class=\"elementor-element elementor-element-d2b4435 elementor-widget elementor-widget-text-editor\" data-id=\"d2b4435\" data-element_type=\"widget\" data-e-type=\"widget\" data-widget_type=\"text-editor.default\">\n\t\t\t\t<div class=\"elementor-widget-container\">\n\t\t\t\t\t\t\t\t\t<ol><li>Mitgliederstand: 37 Vollmitglieder, 4 F\u00f6rderer<br \/><strong>Krippenbaukurse<\/strong>: jeweils ab der 2. Septemberwoche<br \/><strong>Hintergrundmalkurse:<\/strong> werden nach Bedarf abgehalten<br \/><strong>Ausfl\u00fcge<\/strong>: zu anderen Krippenbauvereinen und Krippenausstellungen<\/li><\/ol><p><strong>5 Mitglieder haben von 2004 \u2013 2008 die Ausbildung zum Krippenbaumeister gemacht und mit Erfolg abgeschlossen:<\/strong><\/p><ul><li>Burgschwaiger Herbert<\/li><li>Katstaller Peter<\/li><li>Lauditsch Gerald<\/li><li>Ma\u00dfer Siegfried<\/li><li>Nill Herbert<\/li><\/ul><p><strong><span style=\"text-decoration: underline;\">Auszeichnungen des Salzburger Landesverbandes:<\/span><\/strong><\/p><p><strong>Das Ehrenzeichen in Bronze erhielten:<\/strong><\/p><ul><li>Burgschwaiger Herbert<\/li><li>Eiwan Georg<\/li><li>Katstaller Peter<\/li><li>Enn Gerda<\/li><li>Hofer Peter<\/li><li>Karabensch Stefan<\/li><li>L\u00f6scher Hans<\/li><li>Ma\u00dfer Siegfried<\/li><li>Nill Herbert<\/li><li>Schobersteiner Andrea<\/li><li>Schobersteiner Franz<\/li><li>S\u00fc\u00df Walter<\/li><li>Lauditsch Gerald<\/li><li>Moritzer Heinz<\/li><\/ul><p><strong>Das Ehrenzeichen in Silber erhielten:<\/strong><\/p><ul><li>Burgschwaiger Herbert<\/li><li>Eiwan Georg<\/li><li>Nil Herbert<\/li><li>Katschtaler Peter<\/li><li>S\u00fcss Walter<\/li><li>Ma\u00dfer Siegfried<\/li><\/ul><p><b><strong>Das Ehrenzeichen in Gold erhielt:<\/strong><\/b><\/p><ul><li>Ma\u00dfer Siegfried<\/li><\/ul><p><strong>Bei der heurigen (2022) Jahreshauptversammlung des Landeskrippenverbandes im Hofbr\u00e4u Kaltenhausen durfte sich der KV Bruck \u00fcber etliche Auszeichnungen freuen.<\/strong><\/p><p>Das <strong>Ehrenzeichen in Bronze<\/strong> erhielten:<\/p><p>Schwab Karin und Volgger Willi<\/p><p>Mit dem <strong>Ehrenzeichen in Silber<\/strong> wurden ausgezeichnet:<\/p><p>Enn Gerda und L\u00f6scher Johann<\/p><p>Das <strong>Ehrenzeichen in Gold<\/strong> gab es f\u00fcr<\/p><p>Eiwan Georg und Nill Herbert<\/p><figure id=\"attachment_1710\" aria-describedby=\"caption-attachment-1710\" style=\"width: 300px\" class=\"wp-caption alignnone\"><a href=\"https:\/\/www.krippenverein-bruck.at\/wp-content\/uploads\/2022\/08\/IMG_20220610_210643-scaled.jpg\"><img fetchpriority=\"high\" decoding=\"async\" class=\"size-medium wp-image-1710\" src=\"https:\/\/www.krippenverein-bruck.at\/wp-content\/uploads\/2022\/08\/IMG_20220610_210643-300x169.jpg\" alt=\"Ehrungen Kaltenhausen\" width=\"300\" height=\"169\" srcset=\"https:\/\/www.krippenverein-bruck.at\/wp-content\/uploads\/2022\/08\/IMG_20220610_210643-300x169.jpg 300w, https:\/\/www.krippenverein-bruck.at\/wp-content\/uploads\/2022\/08\/IMG_20220610_210643-1024x578.jpg 1024w, https:\/\/www.krippenverein-bruck.at\/wp-content\/uploads\/2022\/08\/IMG_20220610_210643-768x434.jpg 768w, https:\/\/www.krippenverein-bruck.at\/wp-content\/uploads\/2022\/08\/IMG_20220610_210643-1536x867.jpg 1536w, https:\/\/www.krippenverein-bruck.at\/wp-content\/uploads\/2022\/08\/IMG_20220610_210643-2048x1156.jpg 2048w\" sizes=\"(max-width: 300px) 100vw, 300px\" \/><\/a><figcaption id=\"caption-attachment-1710\" class=\"wp-caption-text\">Ehrungen Landesverband<\/figcaption><\/figure><p><b style=\"font-style: inherit; color: var(--ast-global-color-2); font-size: 1.33333rem;\"><u>Ver<\/u><\/b><b style=\"font-style: inherit; color: var(--ast-global-color-2); font-size: 1.33333rem;\"><u>einsaktivit\u00e4ten<\/u><\/b><\/p><div><p>2004 Bau einer Gemeinschaftskrippe f\u00fcr die Partnergemeinde Bad Emstal in Deutschland (Hessen)<\/p><p>2005 Bau einer Krippe im l\u00e4ndlichen Stil f\u00fcr die \u00f6rtliche Raiffeisenbank<br \/>Bau der Kirchenkrippe von Herbert Burgschwaiger (orientalisch)<\/p><p>2008 Bau einer Gemeinschaftskrippe im heimatlichen Stil f\u00fcr die Partnergemeinde Agenaux in Frankreich<\/p><p>2009 Mitwirkung des Krippenvereins beim Brucker Adventzauber mit Bastelecke f\u00fcr Kinder. Der Reinerl\u00f6s ging an einen karitativen Zweck.<\/p><p>2010 Errichtung der Dorfkrippe; Ausstellung auf Schloss Fischhorn; Ausstellung Adventmarkt Taxenbach; Ausstellung Goldegg.<\/p><p>2010 Mitwirkung des Krippenbauvereines beim Brucker Adventzauber mit Bastelecke f\u00fcr Kinder. Der Reinerl\u00f6s ging an einen karikativen Zweck.<\/p><p>2012 Bau einer Kirchenkrippe f\u00fcr das Dorf St. Anton.<\/p><p>2014 Die Krippenausstellung findet zum ersten Mal im neuen Pfarrheim in Bruck statt (nach 7 Jahren auf Schloss Fischhorn). Am Vorplatz rundet ein Adventmarkt die Ausstellung ab.<\/p><p>2015 Bau der Kirchenkrippe in Taxenbach. Landesvereinsausflug von unserem Verein organisiert auf die Moosalm. Vereinsausflug nach Wildermiming.<\/p><p>2016 Anschaffung einer neuen Vereinskleidung. Klippenausflug nach Fulpmes. Erwachsenen- und erstmalig ein Kinderkurs, Vorstandsausflug nach Neapel.<\/p><p>2017 Ausflug auf die Mitterastenalm in Rauris. Vereinsausflug nach Maranata<\/p><p>2018 Vorstandsausflug ins M\u00fchlviertel. Vereinsausflug zu den Krippenvereinen in Bad Goisern, Abtenau und Grosarl.<\/p><p>2019 Mitgliederausflug nach Oberperfu\u00df<\/p><\/div>\t\t\t\t\t\t\t\t<\/div>\n\t\t\t\t<\/div>\n\t\t\t\t\t<\/div>\n\t\t<\/div>\n\t\t\t\t\t<\/div>\n\t\t<\/section>\n\t\t\t\t<\/div>\n\t\t","protected":false},"excerpt":{"rendered":"<p>Wissenswertes \u00fcber unseren Verein Mitgliederstand: 37 Vollmitglieder, 4 F\u00f6rdererKrippenbaukurse: jeweils ab der 2. SeptemberwocheHintergrundmalkurse: werden nach Bedarf abgehaltenAusfl\u00fcge: zu anderen Krippenbauvereinen und Krippenausstellungen 5 Mitglieder haben von 2004 \u2013 2008 die Ausbildung zum Krippenbaumeister gemacht und mit Erfolg abgeschlossen: Burgschwaiger Herbert Katstaller Peter Lauditsch Gerald Ma\u00dfer Siegfried Nill Herbert Auszeichnungen des Salzburger Landesverbandes: Das Ehrenzeichen [&hellip;]<\/p>\n","protected":false},"author":1,"featured_media":0,"parent":657,"menu_order":0,"comment_status":"closed","ping_status":"closed","template":"","meta":{"site-sidebar-layout":"no-sidebar","site-content-layout":"plain-container","ast-site-content-layout":"default","site-content-style":"default","site-sidebar-style":"default","ast-global-header-display":"","ast-banner-title-visibility":"","ast-main-header-display":"","ast-hfb-above-header-display":"","ast-hfb-below-header-display":"","ast-hfb-mobile-header-display":"","site-post-title":"disabled","ast-breadcrumbs-content":"disabled","ast-featured-img":"disabled","footer-sml-layout":"","ast-disable-related-posts":"","theme-transparent-header-meta":"default","adv-header-id-meta":"","stick-header-meta":"","header-above-stick-meta":"","header-main-stick-meta":"","header-below-stick-meta":"","astra-migrate-meta-layouts":"default","ast-page-background-enabled":"default","ast-page-background-meta":{"desktop":{"background-color":"","background-image":"","background-repeat":"repeat","background-position":"center center","background-size":"auto","background-attachment":"scroll","background-type":"","background-media":"","overlay-type":"","overlay-color":"","overlay-opacity":"","overlay-gradient":""},"tablet":{"background-color":"","background-image":"","background-repeat":"repeat","background-position":"center center","background-size":"auto","background-attachment":"scroll","background-type":"","background-media":"","overlay-type":"","overlay-color":"","overlay-opacity":"","overlay-gradient":""},"mobile":{"background-color":"","background-image":"","background-repeat":"repeat","background-position":"center center","background-size":"auto","background-attachment":"scroll","background-type":"","background-media":"","overlay-type":"","overlay-color":"","overlay-opacity":"","overlay-gradient":""}},"ast-content-background-meta":{"desktop":{"background-color":"var(--ast-global-color-5)","background-image":"","background-repeat":"repeat","background-position":"center center","background-size":"auto","background-attachment":"scroll","background-type":"","background-media":"","overlay-type":"","overlay-color":"","overlay-opacity":"","overlay-gradient":""},"tablet":{"background-color":"var(--ast-global-color-5)","background-image":"","background-repeat":"repeat","background-position":"center center","background-size":"auto","background-attachment":"scroll","background-type":"","background-media":"","overlay-type":"","overlay-color":"","overlay-opacity":"","overlay-gradient":""},"mobile":{"background-color":"var(--ast-global-color-5)","background-image":"","background-repeat":"repeat","background-position":"center center","background-size":"auto","background-attachment":"scroll","background-type":"","background-media":"","overlay-type":"","overlay-color":"","overlay-opacity":"","overlay-gradient":""}},"footnotes":"","_links_to":"","_links_to_target":""},"class_list":["post-239","page","type-page","status-publish","hentry"],"_links":{"self":[{"href":"https:\/\/www.krippenverein-bruck.at\/index.php\/wp-json\/wp\/v2\/pages\/239","targetHints":{"allow":["GET"]}}],"collection":[{"href":"https:\/\/www.krippenverein-bruck.at\/index.php\/wp-json\/wp\/v2\/pages"}],"about":[{"href":"https:\/\/www.krippenverein-bruck.at\/index.php\/wp-json\/wp\/v2\/types\/page"}],"author":[{"embeddable":true,"href":"https:\/\/www.krippenverein-bruck.at\/index.php\/wp-json\/wp\/v2\/users\/1"}],"replies":[{"embeddable":true,"href":"https:\/\/www.krippenverein-bruck.at\/index.php\/wp-json\/wp\/v2\/comments?post=239"}],"version-history":[{"count":42,"href":"https:\/\/www.krippenverein-bruck.at\/index.php\/wp-json\/wp\/v2\/pages\/239\/revisions"}],"predecessor-version":[{"id":1717,"href":"https:\/\/www.krippenverein-bruck.at\/index.php\/wp-json\/wp\/v2\/pages\/239\/revisions\/1717"}],"up":[{"embeddable":true,"href":"https:\/\/www.krippenverein-bruck.at\/index.php\/wp-json\/wp\/v2\/pages\/657"}],"wp:attachment":[{"href":"https:\/\/www.krippenverein-bruck.at\/index.php\/wp-json\/wp\/v2\/media?parent=239"}],"curies":[{"name":"wp","href":"https:\/\/api.w.org\/{rel}","templated":true}]}}