{"id":258,"date":"2021-03-26T21:38:01","date_gmt":"2021-03-26T20:38:01","guid":{"rendered":"https:\/\/www.krippenverein-bruck.at\/?page_id=258"},"modified":"2026-04-03T12:00:26","modified_gmt":"2026-04-03T10:00:26","slug":"geschichte","status":"publish","type":"page","link":"https:\/\/www.krippenverein-bruck.at\/index.php\/wissenswertes-2\/geschichte\/","title":{"rendered":"Geschichte"},"content":{"rendered":"\t\t<div data-elementor-type=\"wp-page\" data-elementor-id=\"258\" class=\"elementor elementor-258\">\n\t\t\t\t\t\t<section class=\"elementor-section elementor-top-section elementor-element elementor-element-3ab3bdb elementor-section-boxed elementor-section-height-default elementor-section-height-default\" data-id=\"3ab3bdb\" data-element_type=\"section\" data-e-type=\"section\">\n\t\t\t\t\t\t<div class=\"elementor-container elementor-column-gap-default\">\n\t\t\t\t\t<div class=\"elementor-column elementor-col-100 elementor-top-column elementor-element elementor-element-5b46763\" data-id=\"5b46763\" data-element_type=\"column\" data-e-type=\"column\">\n\t\t\t<div class=\"elementor-widget-wrap elementor-element-populated\">\n\t\t\t\t\t\t<div class=\"elementor-element elementor-element-572f4a6 elementor-widget elementor-widget-spacer\" data-id=\"572f4a6\" data-element_type=\"widget\" data-e-type=\"widget\" data-widget_type=\"spacer.default\">\n\t\t\t\t<div class=\"elementor-widget-container\">\n\t\t\t\t\t\t\t<div class=\"elementor-spacer\">\n\t\t\t<div class=\"elementor-spacer-inner\"><\/div>\n\t\t<\/div>\n\t\t\t\t\t\t<\/div>\n\t\t\t\t<\/div>\n\t\t\t\t\t<\/div>\n\t\t<\/div>\n\t\t\t\t\t<\/div>\n\t\t<\/section>\n\t\t\t\t<section class=\"elementor-section elementor-top-section elementor-element elementor-element-8abd850 elementor-section-boxed elementor-section-height-default elementor-section-height-default\" data-id=\"8abd850\" data-element_type=\"section\" data-e-type=\"section\">\n\t\t\t\t\t\t<div class=\"elementor-container elementor-column-gap-default\">\n\t\t\t\t\t<div class=\"elementor-column elementor-col-100 elementor-top-column elementor-element elementor-element-0d763da\" data-id=\"0d763da\" data-element_type=\"column\" data-e-type=\"column\">\n\t\t\t<div class=\"elementor-widget-wrap elementor-element-populated\">\n\t\t\t\t\t\t<div class=\"elementor-element elementor-element-0bc04d1 elementor-invisible elementor-widget elementor-widget-heading\" data-id=\"0bc04d1\" data-element_type=\"widget\" data-e-type=\"widget\" data-settings=\"{&quot;_animation&quot;:&quot;fadeInRight&quot;}\" data-widget_type=\"heading.default\">\n\t\t\t\t<div class=\"elementor-widget-container\">\n\t\t\t\t\t<h2 class=\"elementor-heading-title elementor-size-default\">Geschichte des Krippenvereins Bruck<\/h2>\t\t\t\t<\/div>\n\t\t\t\t<\/div>\n\t\t\t\t\t<\/div>\n\t\t<\/div>\n\t\t\t\t\t<\/div>\n\t\t<\/section>\n\t\t\t\t<section class=\"elementor-section elementor-top-section elementor-element elementor-element-d4f319d elementor-section-boxed elementor-section-height-default elementor-section-height-default\" data-id=\"d4f319d\" data-element_type=\"section\" data-e-type=\"section\">\n\t\t\t\t\t\t<div class=\"elementor-container elementor-column-gap-default\">\n\t\t\t\t\t<div class=\"elementor-column elementor-col-100 elementor-top-column elementor-element elementor-element-08ac982\" data-id=\"08ac982\" data-element_type=\"column\" data-e-type=\"column\">\n\t\t\t<div class=\"elementor-widget-wrap elementor-element-populated\">\n\t\t\t\t\t\t<div class=\"elementor-element elementor-element-cd49402 elementor-widget elementor-widget-text-editor\" data-id=\"cd49402\" data-element_type=\"widget\" data-e-type=\"widget\" data-widget_type=\"text-editor.default\">\n\t\t\t\t<div class=\"elementor-widget-container\">\n\t\t\t\t\t\t\t\t\t<p>1998 Erste Krippenausstellung in der Volksschule Bruck<\/p><p><b>1999 <\/b>Erster Krippenbaukurs unter der Anleitung von Herbert Burgschwaiger und Hans L\u00f6scher. Die Teilnehmer dieses ersten Kurses (nur eine Frau) bilden bis heute die Stammmannschaft des Vereines.<\/p><p><b>2000-2007<\/b> Jedes Jahr findet ein Krippenbaukurs statt. Dabei dominiert der Bau der heimatlichen Krippe. In diesen ersten Jahren werden die Exponate jedes Jahr im Advent im Rahmen einer Ausstellung allen Interessierten gezeigt.<\/p><p><b>Dezember 2002<\/b> Gr\u00fcndung des Krippenbauvereines Bruck &#8211; erster Obmann wird Herbert Burgschwaiger<\/p><p><b>2007 <\/b>Gro\u00dfe Krippenausstellung auf Schloss Fischhorn. Da in diesem ersten Jahr nur ein Raum zur Verf\u00fcgung steht, kommt es auf Grund des enormen Besucherandranges zu Wartezeiten. Die Krippenfreunde nehmen dies aber in Kauf um die kunstvoll gefertigten Krippen zu betrachten. Die erstmalige \u00d6ffnung von Schloss Fischhorn f\u00fcr eine Veranstaltung nutzen auch viele um sich diese Anlage anzusehen und das einmalige Ambiente zu genie\u00dfen.<\/p><p><b>2008 <\/b>Zweite Ausstellung auf Schloss Fischhorn f\u00fchrt nunmehr durch f\u00fcnf R\u00e4ume, die in Form eines Rundganges angelegt sind. Erweitert wurde die Ausstellung durch einen Adventmarkt in der Turmstube. Dabei wurden in erster Linie selbstgebastelte Weihnachtsgegenst\u00e4nde zum Verkauf angeboten.<\/p><p><b>2009 <\/b>Ausstellung auf Schloss Fischhorn mit v\u00f6llig neuer Gestaltung. So wurden in einem Raum mit l\u00e4ndlicher Dekoration die Krippen des diesj\u00e4hrigen Krippenbaukurses ausgestellt. In einem zweiten Raum gab es eine orientalische Gestaltung mit den dazu passenden Krippen. Schlie\u00dflich gab es den l\u00e4ndlichen Bereich mit \u201eZiachschlitten\u201c, b\u00e4uerlichen Werkzeugen und anderen Gegenst\u00e4nden aus fr\u00fcherer Zeit. Krippen im heimatlichen Stil fanden hier ihren Platz zum Bestaunen. Im Turmst\u00fcberl war wie im Vorjahr der Adventmarkt untergebracht. Im Rahmenprogramm gab es Darbietungen der &#8222;Pinzgauer Wochenmusi&#8220; mit adventlichen Weisen, eine &#8222;moderne Herbergsuche&#8220; (Schauspielgruppe der Informatikhauptschule Bruck) und eine Ankl\u00f6cklergruppe der Landjugend.<\/p><p><b>2010 <\/b>Errichtung der Dorfkrippe mit feierlicher Er\u00f6ffnung mit der TKM Bruck.<br \/>Er\u00f6ffnung der Dorfkrippe Bruck und Ausstellung in Schloss Fischhorn.<br \/>Ausstellung Adventmarkt Taxenbach.<br \/>Ausstellung in Goldegg.<br \/>Mitwirkung beim Brucker Adventzauber mit Bastelecke f\u00fcr Kinder (karikativer Zweck).<\/p><p><b>2011 und 2012<\/b> Ausstellung auf Schloss Fischhorn in Zusammenarbeit mit dem Leaderprojekt &#8222;Nationalpark Hohe Tauern&#8220;.<\/p><p><b>2012 <\/b>Bau einer Kirchenkrippe f\u00fcr das Dorf St. Anton.<\/p><p><b>2013 <\/b>Ausstellung auf Schloss Fischhorn<\/p><p><b>2014 <\/b>Obmannwechsel: Herbert Burgschwaiger wird B\u00fcrgermeister von Bruck und legt sein Amt nieder. Neuer Obmann wir Siegi Ma\u00dfer.<br \/>Die Krippenausstellung findet zum ersten Mal im neu errichteten Pfarrsaal statt. Die Ausstellung und der Adventmarkt am Vorplatz ist \u00fcber Erwarten sehr gut besucht.<\/p><p><b>2015 <\/b>Ausstellung im Pfarrheim mit Adventmarkt am Vorplatz<br \/>Bau der Kirchenkrippe Taxenbach<\/p><p><b>2016 <\/b>Ausstellung im Pfarrheim Bruck mit Adventmarkt, erstmalig wurde ein Kinderkurs abgehalten, Vorstandsausflug nach Neapel und zum Seerkonzert<\/p><p><strong>2017 <\/strong>Krippenausstellung im Pfarrhof mit Tresterer und Berghofmusi. Adventmarkt am Vorplatz.<\/p><p><strong>2018 <\/strong>Krippenausstellung im Pfarrhof mit Tresterer und Berghofmusi. Adventmarkt am Vorplatz.<\/p><p><strong>2019<\/strong> Krippenausstellung im Pfarrhof mit Berghofmusi und Krippenspiel der NMS Bruck. Adventmarkt am Vorplatz.<\/p><p><span style=\"font-weight: bold;\">2022\u00a0<\/span>Krippenausstellung im Pfarrhof mit Tresterer sowie<span style=\"color: var( --e-global-color-text ); font-style: inherit; font-weight: inherit;\">\u00a0Berghofmusi\u00a0<\/span><span style=\"color: var( --e-global-color-text ); font-size: 1.1rem;\">und Krippenspiel der NMS Bruck.\u00a0<\/span><span style=\"color: var( --e-global-color-text ); font-style: inherit; font-weight: inherit;\">Adventmarkt am Vorplatz.<\/span><\/p><p><span style=\"color: var( --e-global-color-text ); font-style: inherit;\"><b>2023\u00a0<\/b><\/span><span style=\"color: var( --e-global-color-text ); font-size: 1.1rem;\">Krippenausstellung im Pfarrhof mit<\/span><span style=\"color: var( --e-global-color-text ); font-size: 1.1rem; font-weight: inherit; font-style: inherit;\">\u00a0Berghofmusi\u00a0<\/span><span style=\"color: var( --e-global-color-text ); font-size: 1.1rem;\">und Krippenspiel der NMS Bruck.\u00a0<\/span><span style=\"color: var( --e-global-color-text ); font-size: 1.1rem; font-weight: inherit; font-style: inherit;\">Adventmarkt am Vorplatz.<\/span><\/p><p><span style=\"color: var( --e-global-color-text ); font-style: inherit;\"><span style=\"font-weight: bold;\">2024\u00a0<\/span><\/span><span style=\"color: var( --e-global-color-text ); font-size: 1.1rem;\">Krippenausstellung im Pfarrhof mit<\/span><span style=\"color: var( --e-global-color-text ); font-size: 1.1rem; font-style: inherit; font-weight: inherit;\">\u00a0Berghofmusi\u00a0<\/span><span style=\"color: var( --e-global-color-text ); font-size: 1.1rem;\">und Krippenspiel der NMS Bruck.\u00a0<\/span><span style=\"color: var( --e-global-color-text ); font-size: 1.1rem; font-style: inherit; font-weight: inherit;\">Adventmarkt am Vorplatz.<\/span><\/p><p><span style=\"color: var( --e-global-color-text ); font-style: inherit;\"><span style=\"font-weight: bold;\">2025 <\/span><\/span><span style=\"color: var( --e-global-color-text ); font-size: 1.1rem;\">Krippenausstellung im Pfarrhof mit<\/span><span style=\"color: var( --e-global-color-text ); font-size: 1.1rem; font-style: inherit; font-weight: inherit;\">\u00a0Berghofmusi\u00a0<\/span><span style=\"color: var( --e-global-color-text ); font-size: 1.1rem;\">und Krippenspiel der NMS Bruck.\u00a0<\/span><span style=\"color: var( --e-global-color-text ); font-size: 1.1rem; font-style: inherit; font-weight: inherit;\">Adventmarkt am Vorplatz.<\/span><\/p><p><span style=\"color: var( --e-global-color-text ); font-size: 1.1rem; font-style: inherit; font-weight: inherit;\">\u00a0<\/span><\/p>\t\t\t\t\t\t\t\t<\/div>\n\t\t\t\t<\/div>\n\t\t\t\t\t<\/div>\n\t\t<\/div>\n\t\t\t\t\t<\/div>\n\t\t<\/section>\n\t\t\t\t<section class=\"elementor-section elementor-top-section elementor-element elementor-element-f2aa97f elementor-section-boxed elementor-section-height-default elementor-section-height-default\" data-id=\"f2aa97f\" data-element_type=\"section\" data-e-type=\"section\">\n\t\t\t\t\t\t<div class=\"elementor-container elementor-column-gap-default\">\n\t\t\t\t\t<div class=\"elementor-column elementor-col-100 elementor-top-column elementor-element elementor-element-b86f049\" data-id=\"b86f049\" data-element_type=\"column\" data-e-type=\"column\">\n\t\t\t<div class=\"elementor-widget-wrap elementor-element-populated\">\n\t\t\t\t\t\t<div class=\"elementor-element elementor-element-926421b elementor-widget elementor-widget-spacer\" data-id=\"926421b\" data-element_type=\"widget\" data-e-type=\"widget\" data-widget_type=\"spacer.default\">\n\t\t\t\t<div class=\"elementor-widget-container\">\n\t\t\t\t\t\t\t<div class=\"elementor-spacer\">\n\t\t\t<div class=\"elementor-spacer-inner\"><\/div>\n\t\t<\/div>\n\t\t\t\t\t\t<\/div>\n\t\t\t\t<\/div>\n\t\t\t\t\t<\/div>\n\t\t<\/div>\n\t\t\t\t\t<\/div>\n\t\t<\/section>\n\t\t\t\t<\/div>\n\t\t","protected":false},"excerpt":{"rendered":"<p>Geschichte des Krippenvereins Bruck 1998 Erste Krippenausstellung in der Volksschule Bruck 1999 Erster Krippenbaukurs unter der Anleitung von Herbert Burgschwaiger und Hans L\u00f6scher. Die Teilnehmer dieses ersten Kurses (nur eine Frau) bilden bis heute die Stammmannschaft des Vereines. 2000-2007 Jedes Jahr findet ein Krippenbaukurs statt. Dabei dominiert der Bau der heimatlichen Krippe. In diesen ersten [&hellip;]<\/p>\n","protected":false},"author":1,"featured_media":0,"parent":657,"menu_order":1,"comment_status":"closed","ping_status":"closed","template":"","meta":{"site-sidebar-layout":"no-sidebar","site-content-layout":"plain-container","ast-site-content-layout":"default","site-content-style":"default","site-sidebar-style":"default","ast-global-header-display":"","ast-banner-title-visibility":"","ast-main-header-display":"","ast-hfb-above-header-display":"","ast-hfb-below-header-display":"","ast-hfb-mobile-header-display":"","site-post-title":"disabled","ast-breadcrumbs-content":"disabled","ast-featured-img":"disabled","footer-sml-layout":"","ast-disable-related-posts":"","theme-transparent-header-meta":"default","adv-header-id-meta":"","stick-header-meta":"","header-above-stick-meta":"","header-main-stick-meta":"","header-below-stick-meta":"","astra-migrate-meta-layouts":"default","ast-page-background-enabled":"default","ast-page-background-meta":{"desktop":{"background-color":"","background-image":"","background-repeat":"repeat","background-position":"center center","background-size":"auto","background-attachment":"scroll","background-type":"","background-media":"","overlay-type":"","overlay-color":"","overlay-opacity":"","overlay-gradient":""},"tablet":{"background-color":"","background-image":"","background-repeat":"repeat","background-position":"center center","background-size":"auto","background-attachment":"scroll","background-type":"","background-media":"","overlay-type":"","overlay-color":"","overlay-opacity":"","overlay-gradient":""},"mobile":{"background-color":"","background-image":"","background-repeat":"repeat","background-position":"center center","background-size":"auto","background-attachment":"scroll","background-type":"","background-media":"","overlay-type":"","overlay-color":"","overlay-opacity":"","overlay-gradient":""}},"ast-content-background-meta":{"desktop":{"background-color":"var(--ast-global-color-5)","background-image":"","background-repeat":"repeat","background-position":"center center","background-size":"auto","background-attachment":"scroll","background-type":"","background-media":"","overlay-type":"","overlay-color":"","overlay-opacity":"","overlay-gradient":""},"tablet":{"background-color":"var(--ast-global-color-5)","background-image":"","background-repeat":"repeat","background-position":"center center","background-size":"auto","background-attachment":"scroll","background-type":"","background-media":"","overlay-type":"","overlay-color":"","overlay-opacity":"","overlay-gradient":""},"mobile":{"background-color":"var(--ast-global-color-5)","background-image":"","background-repeat":"repeat","background-position":"center center","background-size":"auto","background-attachment":"scroll","background-type":"","background-media":"","overlay-type":"","overlay-color":"","overlay-opacity":"","overlay-gradient":""}},"footnotes":"","_links_to":"","_links_to_target":""},"class_list":["post-258","page","type-page","status-publish","hentry"],"_links":{"self":[{"href":"https:\/\/www.krippenverein-bruck.at\/index.php\/wp-json\/wp\/v2\/pages\/258","targetHints":{"allow":["GET"]}}],"collection":[{"href":"https:\/\/www.krippenverein-bruck.at\/index.php\/wp-json\/wp\/v2\/pages"}],"about":[{"href":"https:\/\/www.krippenverein-bruck.at\/index.php\/wp-json\/wp\/v2\/types\/page"}],"author":[{"embeddable":true,"href":"https:\/\/www.krippenverein-bruck.at\/index.php\/wp-json\/wp\/v2\/users\/1"}],"replies":[{"embeddable":true,"href":"https:\/\/www.krippenverein-bruck.at\/index.php\/wp-json\/wp\/v2\/comments?post=258"}],"version-history":[{"count":44,"href":"https:\/\/www.krippenverein-bruck.at\/index.php\/wp-json\/wp\/v2\/pages\/258\/revisions"}],"predecessor-version":[{"id":2479,"href":"https:\/\/www.krippenverein-bruck.at\/index.php\/wp-json\/wp\/v2\/pages\/258\/revisions\/2479"}],"up":[{"embeddable":true,"href":"https:\/\/www.krippenverein-bruck.at\/index.php\/wp-json\/wp\/v2\/pages\/657"}],"wp:attachment":[{"href":"https:\/\/www.krippenverein-bruck.at\/index.php\/wp-json\/wp\/v2\/media?parent=258"}],"curies":[{"name":"wp","href":"https:\/\/api.w.org\/{rel}","templated":true}]}}