{"id":265,"date":"2021-03-26T21:43:12","date_gmt":"2021-03-26T20:43:12","guid":{"rendered":"https:\/\/www.krippenverein-bruck.at\/?page_id=265"},"modified":"2023-10-25T20:13:42","modified_gmt":"2023-10-25T18:13:42","slug":"ausstellungen","status":"publish","type":"page","link":"https:\/\/www.krippenverein-bruck.at\/index.php\/wissenswertes-2\/ausstellungen\/","title":{"rendered":"Ausstellungen"},"content":{"rendered":"\t\t<div data-elementor-type=\"wp-page\" data-elementor-id=\"265\" class=\"elementor elementor-265\">\n\t\t\t\t\t\t<section class=\"elementor-section elementor-top-section elementor-element elementor-element-aeecb6a elementor-section-boxed elementor-section-height-default elementor-section-height-default\" data-id=\"aeecb6a\" data-element_type=\"section\" data-e-type=\"section\">\n\t\t\t\t\t\t<div class=\"elementor-container elementor-column-gap-default\">\n\t\t\t\t\t<div class=\"elementor-column elementor-col-100 elementor-top-column elementor-element elementor-element-5176a34\" data-id=\"5176a34\" data-element_type=\"column\" data-e-type=\"column\">\n\t\t\t<div class=\"elementor-widget-wrap elementor-element-populated\">\n\t\t\t\t\t\t<div class=\"elementor-element elementor-element-9602c8d elementor-widget elementor-widget-spacer\" data-id=\"9602c8d\" data-element_type=\"widget\" data-e-type=\"widget\" data-widget_type=\"spacer.default\">\n\t\t\t\t<div class=\"elementor-widget-container\">\n\t\t\t\t\t\t\t<div class=\"elementor-spacer\">\n\t\t\t<div class=\"elementor-spacer-inner\"><\/div>\n\t\t<\/div>\n\t\t\t\t\t\t<\/div>\n\t\t\t\t<\/div>\n\t\t\t\t\t<\/div>\n\t\t<\/div>\n\t\t\t\t\t<\/div>\n\t\t<\/section>\n\t\t\t\t<section class=\"elementor-section elementor-top-section elementor-element elementor-element-1a122db elementor-section-boxed elementor-section-height-default elementor-section-height-default\" data-id=\"1a122db\" data-element_type=\"section\" data-e-type=\"section\">\n\t\t\t\t\t\t<div class=\"elementor-container elementor-column-gap-default\">\n\t\t\t\t\t<div class=\"elementor-column elementor-col-100 elementor-top-column elementor-element elementor-element-a8d8384\" data-id=\"a8d8384\" data-element_type=\"column\" data-e-type=\"column\">\n\t\t\t<div class=\"elementor-widget-wrap elementor-element-populated\">\n\t\t\t\t\t\t<div class=\"elementor-element elementor-element-a9c4da3 elementor-widget elementor-widget-heading\" data-id=\"a9c4da3\" data-element_type=\"widget\" data-e-type=\"widget\" data-widget_type=\"heading.default\">\n\t\t\t\t<div class=\"elementor-widget-container\">\n\t\t\t\t\t<h2 class=\"elementor-heading-title elementor-size-default\">Ausstellungen unseres Vereins<\/h2>\t\t\t\t<\/div>\n\t\t\t\t<\/div>\n\t\t\t\t\t<\/div>\n\t\t<\/div>\n\t\t\t\t\t<\/div>\n\t\t<\/section>\n\t\t\t\t<section class=\"elementor-section elementor-top-section elementor-element elementor-element-cbdeead elementor-section-boxed elementor-section-height-default elementor-section-height-default\" data-id=\"cbdeead\" data-element_type=\"section\" data-e-type=\"section\">\n\t\t\t\t\t\t<div class=\"elementor-container elementor-column-gap-default\">\n\t\t\t\t\t<div class=\"elementor-column elementor-col-100 elementor-top-column elementor-element elementor-element-16b931f\" data-id=\"16b931f\" data-element_type=\"column\" data-e-type=\"column\">\n\t\t\t<div class=\"elementor-widget-wrap elementor-element-populated\">\n\t\t\t\t\t\t<div class=\"elementor-element elementor-element-79e8c05 elementor-widget elementor-widget-heading\" data-id=\"79e8c05\" data-element_type=\"widget\" data-e-type=\"widget\" data-widget_type=\"heading.default\">\n\t\t\t\t<div class=\"elementor-widget-container\">\n\t\t\t\t\t<h4 class=\"elementor-heading-title elementor-size-default\"><b>In Bruck an der Gro\u00dfglocknerstra\u00dfe<\/b><\/h4>\t\t\t\t<\/div>\n\t\t\t\t<\/div>\n\t\t\t\t\t<\/div>\n\t\t<\/div>\n\t\t\t\t\t<\/div>\n\t\t<\/section>\n\t\t\t\t<section class=\"elementor-section elementor-top-section elementor-element elementor-element-7206b4f elementor-section-boxed elementor-section-height-default elementor-section-height-default\" data-id=\"7206b4f\" data-element_type=\"section\" data-e-type=\"section\">\n\t\t\t\t\t\t<div class=\"elementor-container elementor-column-gap-default\">\n\t\t\t\t\t<div class=\"elementor-column elementor-col-100 elementor-top-column elementor-element elementor-element-2c16bb0\" data-id=\"2c16bb0\" data-element_type=\"column\" data-e-type=\"column\">\n\t\t\t<div class=\"elementor-widget-wrap elementor-element-populated\">\n\t\t\t\t\t\t<div class=\"elementor-element elementor-element-b12825d elementor-widget elementor-widget-text-editor\" data-id=\"b12825d\" data-element_type=\"widget\" data-e-type=\"widget\" data-widget_type=\"text-editor.default\">\n\t\t\t\t<div class=\"elementor-widget-container\">\n\t\t\t\t\t\t\t\t\t<p><strong>Seit dem Jahre 1998<\/strong> gab und gibt es jedes Jahr im Dezember eine Krippenausstellung in Bruck. Anfangs wurde in einem Klassenraum der Volksschule Bruck ausgestellt. Danach \u00fcbersiedelten wir in den neu errichteten Veranstaltungsraum des Schulzentrums.<\/p>\n<p><strong>2004<\/strong> durften wir unter anderen auch Erzbischof Alois Kothgasser bei unserer Ausstellung willkommen hei\u00dfen.<\/p>\n<p><strong>2007<\/strong> kam der Kontakt zu Graf Medem zustande, der es dem Verein gestattete vorerst in einem Raum auf Schloss Fischhorn auszustellen. Diese einmalige Gelegenheit wurde ergriffen, damit wir unsere Bauwerke einem breiterem Publikum pr\u00e4sentieren konnten. Es war klar, dass viele Leute in erster Linie wegen des Schlosses kamen, das bis dahin der Bev\u00f6lkerung weitgehend verschlossen blieb. Der Ansturm auf Schloss und Ausstellung war enorm.<\/p>\n<p><strong>2008<\/strong> bekamen wir vier R\u00e4ume dazu, sodass in einem Rundgang durch diese R\u00e4ume unsere Krippen noch wesentlich besser zur Geltung kamen. In diesem Jahr wurde vor allem von unseren Damen im Verein wochenlang flei\u00dfig gen\u00e4ht, gestrickt und gebastelt. Die hergestellten Gegenst\u00e4nde mit weihnachtlichem Bezug wurde sodann bei einem Adventmarkt, der in der Turmstube eingerichtet wurde, verkauft.<\/p>\n<p><strong>2009<\/strong> sprengte der Besucherandrang alle Grenzen. Die Ausstellung wurde in neuem Gewand aufgebaut. So wurden in einem Raum mit winterlicher Dekoration die Krippen des Krippenbaukurses 2009 ausgestellt. In einem zweiten Raum gab es eine orientalische Gestaltung mit den dazu passenden Krippen. Wasserpfeifen, Vasen und andere orientalische Ziergegenst\u00e4nde gaben diesem Raum ein besonderes Flair. Schlie\u00dflich gab es den l\u00e4ndlichen Bereich mit \u201eZiachschlitten\u201c, b\u00e4uerlichen Werkzeugen und anderen Gegenst\u00e4nden aus l\u00e4ngst vergangener Zeit. Krippen im heimatlichen Stil fanden hier ihren Platz zum Bestaunen. Im Turmst\u00fcberl war wie im Vorjahr der Adventmarkt untergebracht. Im Rahmenprogram gab es Darbietungen der &#8222;Pinzgauer Wochenmusi&#8220; mit adventlichen Weisen, eine &#8222;moderne Herbergsuche&#8220; (Schauspielgruppe der Informatikhauptschule Bruck) und eine Ankl\u00f6cklergruppe der Landjugend.<\/p>\n<p><strong>2010<\/strong> Er\u00f6ffnung der Dorfkrippe Bruck. Mitwirkung beim Brucker Adventzauber mit Bastelecke f\u00fcr Kinder (karikativer Zweck).<\/p>\n<p><strong>2010\/2011\/2012<\/strong> Ausstellungen auf Schloss Fischhorn mit gewaltigen Besucherzahlen. Seit 2011 ist das Leaderprojekt &#8222;Nationalpark Hohe Tauern&#8220; mit im Boot.<\/p>\n<p><strong>2012<\/strong> Segnung der neuen Kirchenkrippe im Dorf St. Anton.<\/p>\n<p><strong>2013<\/strong> Ausstellung auf Schloss Fischhorn.<\/p>\n<p><strong>2014<\/strong> Ausstellung im Pfarrhof Bruck. Adventmarkt am Vorplatz.<\/p>\n<p><strong>2015&nbsp;<\/strong>Ausstellung im Pfarrhof Bruck mit Adventmarkt am Vorplatz<\/p>\n<p><strong>2016 <\/strong>Ausstellung im Pfarrhof Bruck mit Adventmarkt am Vorplatz<\/p>\n<p><strong>2017 <\/strong>Ausstellung im Pfarrhof Bruck mit Adventmarkt am Vorplatz<\/p>\n<p><strong>2018 <\/strong>Ausstellung im Pfarrhof Bruck mit Adventmarkt am Vorplatz<\/p>\n<p><strong>2019 <\/strong>Ausstellung im Pfarrhof Bruck mit Adventmarkt am Vorplatz. Kleine Ausstellung in St. Georgen<\/p>\n<p><strong>2020 <\/strong>keine Ausstellung (Corona)<\/p>\n<p><strong>2021 <\/strong>keine Ausstellung (Corona)<\/p><p><span style=\"font-weight: 700;\">2022&nbsp;<\/span><span style=\"font-size: 1.1rem;\">Ausstellung im Pfarrhof Bruck mit Adventmarkt am Vorplatz<\/span><br><\/p>\t\t\t\t\t\t\t\t<\/div>\n\t\t\t\t<\/div>\n\t\t\t\t\t<\/div>\n\t\t<\/div>\n\t\t\t\t\t<\/div>\n\t\t<\/section>\n\t\t\t\t<section class=\"elementor-section elementor-top-section elementor-element elementor-element-ebac5ef elementor-section-boxed elementor-section-height-default elementor-section-height-default\" data-id=\"ebac5ef\" data-element_type=\"section\" data-e-type=\"section\">\n\t\t\t\t\t\t<div class=\"elementor-container elementor-column-gap-default\">\n\t\t\t\t\t<div class=\"elementor-column elementor-col-100 elementor-top-column elementor-element elementor-element-afb8345\" data-id=\"afb8345\" data-element_type=\"column\" data-e-type=\"column\">\n\t\t\t<div class=\"elementor-widget-wrap elementor-element-populated\">\n\t\t\t\t\t\t<div class=\"elementor-element elementor-element-340e34e elementor-widget elementor-widget-heading\" data-id=\"340e34e\" data-element_type=\"widget\" data-e-type=\"widget\" data-widget_type=\"heading.default\">\n\t\t\t\t<div class=\"elementor-widget-container\">\n\t\t\t\t\t<h4 class=\"elementor-heading-title elementor-size-default\">Au\u00dferhalb von Bruck<\/h4>\t\t\t\t<\/div>\n\t\t\t\t<\/div>\n\t\t\t\t\t<\/div>\n\t\t<\/div>\n\t\t\t\t\t<\/div>\n\t\t<\/section>\n\t\t\t\t<section class=\"elementor-section elementor-top-section elementor-element elementor-element-97dfeba elementor-section-boxed elementor-section-height-default elementor-section-height-default\" data-id=\"97dfeba\" data-element_type=\"section\" data-e-type=\"section\">\n\t\t\t\t\t\t<div class=\"elementor-container elementor-column-gap-default\">\n\t\t\t\t\t<div class=\"elementor-column elementor-col-100 elementor-top-column elementor-element elementor-element-f3a04bc\" data-id=\"f3a04bc\" data-element_type=\"column\" data-e-type=\"column\">\n\t\t\t<div class=\"elementor-widget-wrap elementor-element-populated\">\n\t\t\t\t\t\t<div class=\"elementor-element elementor-element-3ced76b elementor-widget elementor-widget-text-editor\" data-id=\"3ced76b\" data-element_type=\"widget\" data-e-type=\"widget\" data-widget_type=\"text-editor.default\">\n\t\t\t\t<div class=\"elementor-widget-container\">\n\t\t\t\t\t\t\t\t\t<p><strong>Regelm\u00e4\u00dfig<\/strong> wurden Ausstellungen in den Nachbargemeinden Taxenbach und Fusch, aber auch im Ortsteil St. Georgen mit unseren Exponaten beschickt. Seit vielen Jahren sind Krippen unseres Vereines in der Salzburger Residenz ausgestellt. Ebenso waren unsere Exponate auch bei der Landesausstellung in Hellbrunn im Rahmen des Weihnachtsmarktes zu sehen.<\/p><p><strong>2004<\/strong> \u00dcbergabe einer l\u00e4ndlichen Krippe f\u00fcr die Partnergemeinde Bad Emstal in Hessen. Die Krippe ist ein Geschenk der Gemeinde Bruck.<\/p><p><strong>2005<\/strong> Bau einer Kirchenkrippe durch Herbert Burgschwaiger im orientalischen Stil und mit Figuren der bekannten sizilianischen K\u00fcnstlerin Angela Tripi. In diesem Jahr wurde in Gemeinschaftsarbeit des Vereines eine Krippe im l\u00e4ndlichen Stil f\u00fcr die Raiffeisenbank Bruck errichtet.<\/p><p><strong>2007<\/strong> Im Rahmen des Christkindlmarktes beim Wiener Rathaus (gesch\u00e4tzte 1,5 Millionen Besucher)durften wir im Arkadenhof ausstellen Ausstellung in der Residenz.<\/p><p><strong>2008<\/strong> \u00dcberreichung einer Krippe (l\u00e4ndlich) als Geschenk der Gemeinde an die zweite Partnergemeinde in Agenaux (Frankreich) im Rahmen des \u201eBrucker Advent\u201c. In diesem Jahr wurde von unserem Obmann die Kirchenkrippe erweitert und an einem neuen Platz aufgestellt, wo sie nun ihren Dauerstandplatz hat. Eine Krippe von Eiwan Georg wurde sogar bis nach Malta gebracht, um dort Ausgestellt zu werden.<\/p><p><strong>2009<\/strong> Beschickung der Ausstellung in Bad V\u00f6sendorf Landesausstellung in F\u00fcrstenbrunn (bei Salzburg) Krippenausstellung in St. Johann im Pongau.<\/p><p><strong>2011<\/strong> Ausstellung Adventmarkt Taxenbach und Ausstellung in Goldegg.<\/p><p><strong>2012<\/strong> Ausstellung in Taxenbach und St. Veit sowie Landesausstellung auf der Burg Hohenwerfen.<\/p><p><strong style=\"font-style: inherit; color: var( --e-global-color-text );\">2013<\/strong><span style=\"font-style: inherit; font-weight: inherit; color: var( --e-global-color-text );\"> Taxenbach<\/span><\/p><p><strong>2015<\/strong> Er\u00f6ffnung der Kirchenkrippe Taxenbach<\/p><p><strong>2016<\/strong> Taxenbach, Sternenschifffahrt am Zellersee<\/p><p><span style=\"font-weight: bold;\">2022\u00a0<\/span><span style=\"color: var( --e-global-color-text ); font-size: 1.1rem;\">Ausstellung im Hotel Alpenblick (3x im Rahmen des Adventmarktes, jeweils am Mittwoch von 16:00 Uhr bis 21:00 Uhr<\/span><\/p>\t\t\t\t\t\t\t\t<\/div>\n\t\t\t\t<\/div>\n\t\t\t\t\t<\/div>\n\t\t<\/div>\n\t\t\t\t\t<\/div>\n\t\t<\/section>\n\t\t\t\t<\/div>\n\t\t","protected":false},"excerpt":{"rendered":"<p>Ausstellungen unseres Vereins In Bruck an der Gro\u00dfglocknerstra\u00dfe Seit dem Jahre 1998 gab und gibt es jedes Jahr im Dezember eine Krippenausstellung in Bruck. Anfangs wurde in einem Klassenraum der Volksschule Bruck ausgestellt. Danach \u00fcbersiedelten wir in den neu errichteten Veranstaltungsraum des Schulzentrums. 2004 durften wir unter anderen auch Erzbischof Alois Kothgasser bei unserer Ausstellung [&hellip;]<\/p>\n","protected":false},"author":1,"featured_media":0,"parent":657,"menu_order":2,"comment_status":"closed","ping_status":"closed","template":"","meta":{"site-sidebar-layout":"no-sidebar","site-content-layout":"plain-container","ast-site-content-layout":"default","site-content-style":"default","site-sidebar-style":"default","ast-global-header-display":"","ast-banner-title-visibility":"","ast-main-header-display":"","ast-hfb-above-header-display":"","ast-hfb-below-header-display":"","ast-hfb-mobile-header-display":"","site-post-title":"disabled","ast-breadcrumbs-content":"disabled","ast-featured-img":"disabled","footer-sml-layout":"","ast-disable-related-posts":"","theme-transparent-header-meta":"default","adv-header-id-meta":"","stick-header-meta":"","header-above-stick-meta":"","header-main-stick-meta":"","header-below-stick-meta":"","astra-migrate-meta-layouts":"default","ast-page-background-enabled":"default","ast-page-background-meta":{"desktop":{"background-color":"","background-image":"","background-repeat":"repeat","background-position":"center center","background-size":"auto","background-attachment":"scroll","background-type":"","background-media":"","overlay-type":"","overlay-color":"","overlay-opacity":"","overlay-gradient":""},"tablet":{"background-color":"","background-image":"","background-repeat":"repeat","background-position":"center center","background-size":"auto","background-attachment":"scroll","background-type":"","background-media":"","overlay-type":"","overlay-color":"","overlay-opacity":"","overlay-gradient":""},"mobile":{"background-color":"","background-image":"","background-repeat":"repeat","background-position":"center center","background-size":"auto","background-attachment":"scroll","background-type":"","background-media":"","overlay-type":"","overlay-color":"","overlay-opacity":"","overlay-gradient":""}},"ast-content-background-meta":{"desktop":{"background-color":"var(--ast-global-color-5)","background-image":"","background-repeat":"repeat","background-position":"center center","background-size":"auto","background-attachment":"scroll","background-type":"","background-media":"","overlay-type":"","overlay-color":"","overlay-opacity":"","overlay-gradient":""},"tablet":{"background-color":"var(--ast-global-color-5)","background-image":"","background-repeat":"repeat","background-position":"center center","background-size":"auto","background-attachment":"scroll","background-type":"","background-media":"","overlay-type":"","overlay-color":"","overlay-opacity":"","overlay-gradient":""},"mobile":{"background-color":"var(--ast-global-color-5)","background-image":"","background-repeat":"repeat","background-position":"center center","background-size":"auto","background-attachment":"scroll","background-type":"","background-media":"","overlay-type":"","overlay-color":"","overlay-opacity":"","overlay-gradient":""}},"footnotes":"","_links_to":"","_links_to_target":""},"class_list":["post-265","page","type-page","status-publish","hentry"],"_links":{"self":[{"href":"https:\/\/www.krippenverein-bruck.at\/index.php\/wp-json\/wp\/v2\/pages\/265","targetHints":{"allow":["GET"]}}],"collection":[{"href":"https:\/\/www.krippenverein-bruck.at\/index.php\/wp-json\/wp\/v2\/pages"}],"about":[{"href":"https:\/\/www.krippenverein-bruck.at\/index.php\/wp-json\/wp\/v2\/types\/page"}],"author":[{"embeddable":true,"href":"https:\/\/www.krippenverein-bruck.at\/index.php\/wp-json\/wp\/v2\/users\/1"}],"replies":[{"embeddable":true,"href":"https:\/\/www.krippenverein-bruck.at\/index.php\/wp-json\/wp\/v2\/comments?post=265"}],"version-history":[{"count":47,"href":"https:\/\/www.krippenverein-bruck.at\/index.php\/wp-json\/wp\/v2\/pages\/265\/revisions"}],"predecessor-version":[{"id":1912,"href":"https:\/\/www.krippenverein-bruck.at\/index.php\/wp-json\/wp\/v2\/pages\/265\/revisions\/1912"}],"up":[{"embeddable":true,"href":"https:\/\/www.krippenverein-bruck.at\/index.php\/wp-json\/wp\/v2\/pages\/657"}],"wp:attachment":[{"href":"https:\/\/www.krippenverein-bruck.at\/index.php\/wp-json\/wp\/v2\/media?parent=265"}],"curies":[{"name":"wp","href":"https:\/\/api.w.org\/{rel}","templated":true}]}}