{"id":43,"date":"2021-03-20T20:58:53","date_gmt":"2021-03-20T19:58:53","guid":{"rendered":"https:\/\/www.krippenverein-bruck.at\/?page_id=43"},"modified":"2021-04-12T15:32:48","modified_gmt":"2021-04-12T13:32:48","slug":"der-bau","status":"publish","type":"page","link":"https:\/\/www.krippenverein-bruck.at\/index.php\/der-bau\/","title":{"rendered":"Der Bau"},"content":{"rendered":"\t\t<div data-elementor-type=\"wp-page\" data-elementor-id=\"43\" class=\"elementor elementor-43\">\n\t\t\t\t\t\t<section class=\"elementor-section elementor-top-section elementor-element elementor-element-6496cb1 elementor-section-boxed elementor-section-height-default elementor-section-height-default\" data-id=\"6496cb1\" data-element_type=\"section\" data-e-type=\"section\">\n\t\t\t\t\t\t<div class=\"elementor-container elementor-column-gap-default\">\n\t\t\t\t\t<div class=\"elementor-column elementor-col-100 elementor-top-column elementor-element elementor-element-fcbcbf5\" data-id=\"fcbcbf5\" data-element_type=\"column\" data-e-type=\"column\">\n\t\t\t<div class=\"elementor-widget-wrap elementor-element-populated\">\n\t\t\t\t\t\t<div class=\"elementor-element elementor-element-7de869c elementor-widget elementor-widget-spacer\" data-id=\"7de869c\" data-element_type=\"widget\" data-e-type=\"widget\" data-widget_type=\"spacer.default\">\n\t\t\t\t<div class=\"elementor-widget-container\">\n\t\t\t\t\t\t\t<div class=\"elementor-spacer\">\n\t\t\t<div class=\"elementor-spacer-inner\"><\/div>\n\t\t<\/div>\n\t\t\t\t\t\t<\/div>\n\t\t\t\t<\/div>\n\t\t\t\t\t<\/div>\n\t\t<\/div>\n\t\t\t\t\t<\/div>\n\t\t<\/section>\n\t\t\t\t<section class=\"elementor-section elementor-top-section elementor-element elementor-element-36f1296 elementor-section-boxed elementor-section-height-default elementor-section-height-default\" data-id=\"36f1296\" data-element_type=\"section\" data-e-type=\"section\">\n\t\t\t\t\t\t<div class=\"elementor-container elementor-column-gap-default\">\n\t\t\t\t\t<div class=\"elementor-column elementor-col-100 elementor-top-column elementor-element elementor-element-84b8a79\" data-id=\"84b8a79\" data-element_type=\"column\" data-e-type=\"column\">\n\t\t\t<div class=\"elementor-widget-wrap elementor-element-populated\">\n\t\t\t\t\t\t<div class=\"elementor-element elementor-element-73fc038 elementor-invisible elementor-widget elementor-widget-heading\" data-id=\"73fc038\" data-element_type=\"widget\" data-e-type=\"widget\" data-settings=\"{&quot;_animation&quot;:&quot;fadeInRight&quot;}\" data-widget_type=\"heading.default\">\n\t\t\t\t<div class=\"elementor-widget-container\">\n\t\t\t\t\t<h2 class=\"elementor-heading-title elementor-size-default\">Der Bau unserer Dorfkrippe<\/h2>\t\t\t\t<\/div>\n\t\t\t\t<\/div>\n\t\t\t\t\t<\/div>\n\t\t<\/div>\n\t\t\t\t\t<\/div>\n\t\t<\/section>\n\t\t\t\t<section class=\"elementor-section elementor-top-section elementor-element elementor-element-62f892c elementor-section-boxed elementor-section-height-default elementor-section-height-default\" data-id=\"62f892c\" data-element_type=\"section\" data-e-type=\"section\">\n\t\t\t\t\t\t<div class=\"elementor-container elementor-column-gap-default\">\n\t\t\t\t\t<div class=\"elementor-column elementor-col-100 elementor-top-column elementor-element elementor-element-af71d37\" data-id=\"af71d37\" data-element_type=\"column\" data-e-type=\"column\">\n\t\t\t<div class=\"elementor-widget-wrap elementor-element-populated\">\n\t\t\t\t\t\t<div class=\"elementor-element elementor-element-853e929 elementor-widget elementor-widget-text-editor\" data-id=\"853e929\" data-element_type=\"widget\" data-e-type=\"widget\" data-widget_type=\"text-editor.default\">\n\t\t\t\t<div class=\"elementor-widget-container\">\n\t\t\t\t\t\t\t\t\t<p>Bereits bei der Vereinsgr\u00fcndung im Jahr 2003 wurde der Bau einer Dorfkrippe als das gro\u00dfe Ziel der Brucker Krippenbauer angestrebt. <br><\/p>\n<p>8 Jahre sollten vergehen bis der Bau unseres Gro\u00dfprojektes begonnen wurde und auch ein Teil des ben\u00f6tigten Geldes f\u00fcr den Ankauf der wertvollen Tripi \u2013 Figuren angespart war.<\/p>\n<p>Im M\u00e4rz 2010 wurden bei einer Vorstandssitzung die Eckdaten abgesteckt. Obmann Herbert Burgschwaiger stellte uns zwei von ihm entworfene Modelle vor. Er erkl\u00e4rte uns Modell 1, packte Modell 2 sofort wieder weg, weil es ihm selbst eigentlich \u00fcberhaupt nicht gefiel. Bei der Abstimmung gab es doch etwas \u00fcberraschend ein einstimmiges Votum f\u00fcr Modell 1.<\/p>\n<p>Eine tolle Meinungsvielfalt gab es bereits bei der Gr\u00f6\u00dfe: \u201eMoch ma\u00b4s nid z hoch\u201c, \u201ez\u00b4nida sois a nid sein\u201c, \u201ezuwi geh muas ma scho kenna\u201c, \u201eagwisse Tiafn brauch ma unbedingt\u201c, \u201eoba jo nid z\u00b4broad\u201c.<\/p>\n<p><em>\u00dcbersetzung f\u00fcr Nicht-Pinzgauer: Fertigen wir es nicht zu hoch, zu niedrig sollte es auch nicht werden, eine M\u00f6glichkeit des bequemen Hingehens zur Krippe sollte gegeben sein, eine den Proportionen entsprechende Objekttiefe ist von N\u00f6ten aber ja nicht zu breit.<\/em><\/p>\n<p>Da mussten dann ein paar \u201eLattl\u201c her, um den Grundriss festzulegen. Die Ma\u00dfe standen fest, doch eine gewichtige Gegenstimme erhob Einspruch \u2013 die T\u00fcr unseres Vereinslokales. Da das Bauwerk ja letztlich durch diese T\u00fcr transportiert werden sollte, gab es klare Richtlinien f\u00fcr Tiefe und H\u00f6he. <br>Dass es letztlich dann doch mehr als knapp wurde (ca. 5 mm links rechts nach Abmontage von Fu\u00dfleisten und Eink\u00fcrzen der Verkleidung) wurde nur von einem Vereinsmitglied vorausgesehen. \u201eH\u00e4tt ma\u00b4s hoit 5 cm schm\u00e4ler gmocht, wa nix dabei gwesn\u201c. (H\u00e4tten wir das Bauwerk 5 cm schm\u00e4ler gebaut, h\u00e4tte es der Qualit\u00e4t keinen Abbruch getan)<\/p>\n<p>Der Bau schritt z\u00fcgig voran. Es wurde gemessen, gezeichnet, ges\u00e4gt, geschraubt, gebohrt- noch einmal ges\u00e4gt, wieder herunter geschraubt, woanders gebohrt. Wertvoll waren die zahlreichen guten Vorschl\u00e4ge, wie man es am geschicktesten machen k\u00f6nnte.<br>Bedingt durch die T\u00fcrstockh\u00f6he von exakt zwei Meter mussten wir die Krippe in drei Teilen bauen, die erst sp\u00e4ter im Freien zusammen gebaut wurden.<\/p>\n<p>Das nicht ganz schwindelfreie \u201eBodenpersonal\u201c k\u00fcmmerte sich um den Sockel, unser Maurerpolier um den Verputz, die Orientalen um den Innerausbau, unsere Alpinisten um das Dach.<\/p>\n<p>Beim Malen h\u00e4tten wir unserem Obmann gerne geholfen, doch haben wir in selbstloser Weise darauf verzichtet. Wie sich rasch herausgestellt hat, war dies eine sehr kluge Entscheidung.<\/p>\n<p>Nach rund 6 Monaten Bauzeit mit grob gesch\u00e4tzten 800 Arbeitsstunden und dem enormen Einsatz aller Beteiligten war die Dorfkrippe fertig gestellt.<\/p>\n<p>Die zahlreichen Gespr\u00e4che und Diskussionen, das reichlich verbrauchte \u201eHirnschmalz\u201c und die zahlreichen Ereignisse beim und rund um den Bau w\u00fcrden wohl den Stoff f\u00fcr einen recht unterhaltsamen Film liefern.<\/p>\n<p>Am 27.November 2010 stellten wir, nicht ohne einen gewissen Stolz, unser Werk \u2013 das Werk unseres Vereins- der interessierten \u00d6ffentlichkeit vor.<\/p>\n<p>2012 wurde im Zuge der Dorfplatzneugestaltung die Dorfkrippe auf einen neuen Standort versetzt. Sie steht seither neben dem Haupteingang auf der S\u00fcdseite der Kirche. Nach dem Neubau des Pfarrhofes soll vor der Dorfkrippe ein gr\u00f6\u00dferer freier Platz entstehen und so das Bauwerk noch besser zur Geltung bringen.<\/p>\n<div>&nbsp;<\/div>\n<div>&nbsp;<\/div>\t\t\t\t\t\t\t\t<\/div>\n\t\t\t\t<\/div>\n\t\t\t\t\t<\/div>\n\t\t<\/div>\n\t\t\t\t\t<\/div>\n\t\t<\/section>\n\t\t\t\t<\/div>\n\t\t","protected":false},"excerpt":{"rendered":"<p>Der Bau unserer Dorfkrippe Bereits bei der Vereinsgr\u00fcndung im Jahr 2003 wurde der Bau einer Dorfkrippe als das gro\u00dfe Ziel der Brucker Krippenbauer angestrebt. 8 Jahre sollten vergehen bis der Bau unseres Gro\u00dfprojektes begonnen wurde und auch ein Teil des ben\u00f6tigten Geldes f\u00fcr den Ankauf der wertvollen Tripi \u2013 Figuren angespart war. Im M\u00e4rz 2010 [&hellip;]<\/p>\n","protected":false},"author":1,"featured_media":0,"parent":0,"menu_order":0,"comment_status":"closed","ping_status":"closed","template":"","meta":{"site-sidebar-layout":"no-sidebar","site-content-layout":"plain-container","ast-site-content-layout":"default","site-content-style":"default","site-sidebar-style":"default","ast-global-header-display":"","ast-banner-title-visibility":"","ast-main-header-display":"","ast-hfb-above-header-display":"","ast-hfb-below-header-display":"","ast-hfb-mobile-header-display":"","site-post-title":"disabled","ast-breadcrumbs-content":"disabled","ast-featured-img":"disabled","footer-sml-layout":"","ast-disable-related-posts":"","theme-transparent-header-meta":"default","adv-header-id-meta":"","stick-header-meta":"","header-above-stick-meta":"","header-main-stick-meta":"","header-below-stick-meta":"","astra-migrate-meta-layouts":"default","ast-page-background-enabled":"default","ast-page-background-meta":{"desktop":{"background-color":"","background-image":"","background-repeat":"repeat","background-position":"center center","background-size":"auto","background-attachment":"scroll","background-type":"","background-media":"","overlay-type":"","overlay-color":"","overlay-opacity":"","overlay-gradient":""},"tablet":{"background-color":"","background-image":"","background-repeat":"repeat","background-position":"center center","background-size":"auto","background-attachment":"scroll","background-type":"","background-media":"","overlay-type":"","overlay-color":"","overlay-opacity":"","overlay-gradient":""},"mobile":{"background-color":"","background-image":"","background-repeat":"repeat","background-position":"center center","background-size":"auto","background-attachment":"scroll","background-type":"","background-media":"","overlay-type":"","overlay-color":"","overlay-opacity":"","overlay-gradient":""}},"ast-content-background-meta":{"desktop":{"background-color":"var(--ast-global-color-5)","background-image":"","background-repeat":"repeat","background-position":"center center","background-size":"auto","background-attachment":"scroll","background-type":"","background-media":"","overlay-type":"","overlay-color":"","overlay-opacity":"","overlay-gradient":""},"tablet":{"background-color":"var(--ast-global-color-5)","background-image":"","background-repeat":"repeat","background-position":"center center","background-size":"auto","background-attachment":"scroll","background-type":"","background-media":"","overlay-type":"","overlay-color":"","overlay-opacity":"","overlay-gradient":""},"mobile":{"background-color":"var(--ast-global-color-5)","background-image":"","background-repeat":"repeat","background-position":"center center","background-size":"auto","background-attachment":"scroll","background-type":"","background-media":"","overlay-type":"","overlay-color":"","overlay-opacity":"","overlay-gradient":""}},"footnotes":"","_links_to":"","_links_to_target":""},"class_list":["post-43","page","type-page","status-publish","hentry"],"_links":{"self":[{"href":"https:\/\/www.krippenverein-bruck.at\/index.php\/wp-json\/wp\/v2\/pages\/43","targetHints":{"allow":["GET"]}}],"collection":[{"href":"https:\/\/www.krippenverein-bruck.at\/index.php\/wp-json\/wp\/v2\/pages"}],"about":[{"href":"https:\/\/www.krippenverein-bruck.at\/index.php\/wp-json\/wp\/v2\/types\/page"}],"author":[{"embeddable":true,"href":"https:\/\/www.krippenverein-bruck.at\/index.php\/wp-json\/wp\/v2\/users\/1"}],"replies":[{"embeddable":true,"href":"https:\/\/www.krippenverein-bruck.at\/index.php\/wp-json\/wp\/v2\/comments?post=43"}],"version-history":[{"count":13,"href":"https:\/\/www.krippenverein-bruck.at\/index.php\/wp-json\/wp\/v2\/pages\/43\/revisions"}],"predecessor-version":[{"id":414,"href":"https:\/\/www.krippenverein-bruck.at\/index.php\/wp-json\/wp\/v2\/pages\/43\/revisions\/414"}],"wp:attachment":[{"href":"https:\/\/www.krippenverein-bruck.at\/index.php\/wp-json\/wp\/v2\/media?parent=43"}],"curies":[{"name":"wp","href":"https:\/\/api.w.org\/{rel}","templated":true}]}}